{"id":835,"date":"2022-06-14T12:55:36","date_gmt":"2022-06-14T10:55:36","guid":{"rendered":"https:\/\/carbon-copy.de\/?page_id=835"},"modified":"2023-04-08T23:15:44","modified_gmt":"2023-04-08T21:15:44","slug":"proofreading-editing","status":"publish","type":"page","link":"https:\/\/carbon-copy.de\/en\/proofreading-editing\/","title":{"rendered":"Proofreading &amp; Editing"},"content":{"rendered":"<div data-elementor-type=\"wp-page\" data-elementor-id=\"835\" class=\"elementor elementor-835\">\n\t\t\t\t\t\t<section class=\"elementor-section elementor-top-section elementor-element elementor-element-d91072d elementor-section-boxed elementor-section-height-default elementor-section-height-default\" data-id=\"d91072d\" data-element_type=\"section\" data-e-type=\"section\">\n\t\t\t\t\t\t<div class=\"elementor-container elementor-column-gap-default\">\n\t\t\t\t\t<div class=\"elementor-column elementor-col-100 elementor-top-column elementor-element elementor-element-6c87cfb\" data-id=\"6c87cfb\" data-element_type=\"column\" data-e-type=\"column\">\n\t\t\t<div class=\"elementor-widget-wrap elementor-element-populated\">\n\t\t\t\t\t\t<div class=\"elementor-element elementor-element-88454cb elementor-widget elementor-widget-heading\" data-id=\"88454cb\" data-element_type=\"widget\" data-e-type=\"widget\" data-widget_type=\"heading.default\">\n\t\t\t\t<div class=\"elementor-widget-container\">\n\t\t\t\t\t<h2 class=\"elementor-heading-title elementor-size-default\">ATTENTION TO DETAIL - razorsharp corrections<\/h2>\t\t\t\t<\/div>\n\t\t\t\t<\/div>\n\t\t\t\t\t<\/div>\n\t\t<\/div>\n\t\t\t\t\t<\/div>\n\t\t<\/section>\n\t\t\t\t<section class=\"elementor-section elementor-top-section elementor-element elementor-element-889ffc8 elementor-section-boxed elementor-section-height-default elementor-section-height-default\" data-id=\"889ffc8\" data-element_type=\"section\" data-e-type=\"section\">\n\t\t\t\t\t\t<div class=\"elementor-container elementor-column-gap-default\">\n\t\t\t\t\t<div class=\"elementor-column elementor-col-50 elementor-top-column elementor-element elementor-element-cf59366\" data-id=\"cf59366\" data-element_type=\"column\" data-e-type=\"column\">\n\t\t\t<div class=\"elementor-widget-wrap elementor-element-populated\">\n\t\t\t\t\t\t<div class=\"elementor-element elementor-element-37a8084 elementor-widget elementor-widget-image\" data-id=\"37a8084\" data-element_type=\"widget\" data-e-type=\"widget\" data-widget_type=\"image.default\">\n\t\t\t\t<div class=\"elementor-widget-container\">\n\t\t\t\t\t\t\t\t\t\t\t\t\t\t\t<img fetchpriority=\"high\" decoding=\"async\" width=\"2560\" height=\"1920\" src=\"https:\/\/carbon-copy.de\/wp-content\/uploads\/2022\/06\/UHRAUSSCHNITTage-barros-rBPOfVqROzY-unsplash-1-scaled.jpg\" class=\"attachment-full size-full wp-image-907\" alt=\"\" srcset=\"https:\/\/carbon-copy.de\/wp-content\/uploads\/2022\/06\/UHRAUSSCHNITTage-barros-rBPOfVqROzY-unsplash-1-scaled.jpg 2560w, https:\/\/carbon-copy.de\/wp-content\/uploads\/2022\/06\/UHRAUSSCHNITTage-barros-rBPOfVqROzY-unsplash-1-300x225.jpg 300w, https:\/\/carbon-copy.de\/wp-content\/uploads\/2022\/06\/UHRAUSSCHNITTage-barros-rBPOfVqROzY-unsplash-1-1024x768.jpg 1024w, https:\/\/carbon-copy.de\/wp-content\/uploads\/2022\/06\/UHRAUSSCHNITTage-barros-rBPOfVqROzY-unsplash-1-768x576.jpg 768w, https:\/\/carbon-copy.de\/wp-content\/uploads\/2022\/06\/UHRAUSSCHNITTage-barros-rBPOfVqROzY-unsplash-1-1536x1152.jpg 1536w, https:\/\/carbon-copy.de\/wp-content\/uploads\/2022\/06\/UHRAUSSCHNITTage-barros-rBPOfVqROzY-unsplash-1-2048x1536.jpg 2048w, https:\/\/carbon-copy.de\/wp-content\/uploads\/2022\/06\/UHRAUSSCHNITTage-barros-rBPOfVqROzY-unsplash-1-16x12.jpg 16w\" sizes=\"(max-width: 2560px) 100vw, 2560px\" \/>\t\t\t\t\t\t\t\t\t\t\t\t\t\t\t<\/div>\n\t\t\t\t<\/div>\n\t\t\t\t\t<\/div>\n\t\t<\/div>\n\t\t\t\t<div class=\"elementor-column elementor-col-50 elementor-top-column elementor-element elementor-element-893af79\" data-id=\"893af79\" data-element_type=\"column\" data-e-type=\"column\">\n\t\t\t<div class=\"elementor-widget-wrap elementor-element-populated\">\n\t\t\t\t\t\t<div class=\"elementor-element elementor-element-c5b3d0b elementor-widget elementor-widget-text-editor\" data-id=\"c5b3d0b\" data-element_type=\"widget\" data-e-type=\"widget\" data-widget_type=\"text-editor.default\">\n\t\t\t\t<div class=\"elementor-widget-container\">\n\t\t\t\t\t\t\t\t\t<h4 style=\"letter-spacing: normal;\">What we cover:<\/h4><ul style=\"color: #000000;\"><li style=\"text-align: left;\">Documents of all kinds<\/li><li style=\"text-align: left;\">Business Correspondence<\/li><li style=\"text-align: left;\">Website content<\/li><li style=\"text-align: left;\">PowerPoint Presentations<\/li><li style=\"text-align: left;\">University Publications (e.g. Bachelor and Master theses)<\/li><li>Job advertisements<\/li><\/ul><p style=\"color: #000000; text-align: center;\">-and more on demand-<\/p><p style=\"color: #000000; text-align: center;\">\u00a0<\/p>\t\t\t\t\t\t\t\t<\/div>\n\t\t\t\t<\/div>\n\t\t\t\t\t<\/div>\n\t\t<\/div>\n\t\t\t\t\t<\/div>\n\t\t<\/section>\n\t\t\t\t<section class=\"elementor-section elementor-top-section elementor-element elementor-element-9009b00 elementor-hidden-desktop elementor-hidden-tablet elementor-section-boxed elementor-section-height-default elementor-section-height-default\" data-id=\"9009b00\" data-element_type=\"section\" data-e-type=\"section\">\n\t\t\t\t\t\t<div class=\"elementor-container elementor-column-gap-default\">\n\t\t\t\t\t<div class=\"elementor-column elementor-col-100 elementor-top-column elementor-element elementor-element-1051cf1\" data-id=\"1051cf1\" data-element_type=\"column\" data-e-type=\"column\">\n\t\t\t<div class=\"elementor-widget-wrap elementor-element-populated\">\n\t\t\t\t\t\t<div class=\"elementor-element elementor-element-fdcdc40 elementor-widget elementor-widget-image\" data-id=\"fdcdc40\" data-element_type=\"widget\" data-e-type=\"widget\" data-widget_type=\"image.default\">\n\t\t\t\t<div class=\"elementor-widget-container\">\n\t\t\t\t\t\t\t\t\t\t\t\t\t\t\t<img decoding=\"async\" width=\"1024\" height=\"768\" src=\"https:\/\/carbon-copy.de\/wp-content\/uploads\/2022\/06\/taschenuhr_2-1024x768.jpg\" class=\"attachment-large size-large wp-image-1260\" alt=\"\" srcset=\"https:\/\/carbon-copy.de\/wp-content\/uploads\/2022\/06\/taschenuhr_2-1024x768.jpg 1024w, https:\/\/carbon-copy.de\/wp-content\/uploads\/2022\/06\/taschenuhr_2-300x225.jpg 300w, https:\/\/carbon-copy.de\/wp-content\/uploads\/2022\/06\/taschenuhr_2-768x576.jpg 768w, https:\/\/carbon-copy.de\/wp-content\/uploads\/2022\/06\/taschenuhr_2-1536x1152.jpg 1536w, https:\/\/carbon-copy.de\/wp-content\/uploads\/2022\/06\/taschenuhr_2-2048x1536.jpg 2048w, https:\/\/carbon-copy.de\/wp-content\/uploads\/2022\/06\/taschenuhr_2-16x12.jpg 16w\" sizes=\"(max-width: 1024px) 100vw, 1024px\" \/>\t\t\t\t\t\t\t\t\t\t\t\t\t\t\t<\/div>\n\t\t\t\t<\/div>\n\t\t\t\t\t<\/div>\n\t\t<\/div>\n\t\t\t\t\t<\/div>\n\t\t<\/section>\n\t\t\t\t<section class=\"elementor-section elementor-top-section elementor-element elementor-element-8bc77d9 elementor-section-boxed elementor-section-height-default elementor-section-height-default\" data-id=\"8bc77d9\" data-element_type=\"section\" data-e-type=\"section\">\n\t\t\t\t\t\t<div class=\"elementor-container elementor-column-gap-default\">\n\t\t\t\t\t<div class=\"elementor-column elementor-col-50 elementor-top-column elementor-element elementor-element-ce2c339\" data-id=\"ce2c339\" data-element_type=\"column\" data-e-type=\"column\">\n\t\t\t<div class=\"elementor-widget-wrap elementor-element-populated\">\n\t\t\t\t\t\t<div class=\"elementor-element elementor-element-81832e4 elementor-widget elementor-widget-text-editor\" data-id=\"81832e4\" data-element_type=\"widget\" data-e-type=\"widget\" data-widget_type=\"text-editor.default\">\n\t\t\t\t<div class=\"elementor-widget-container\">\n\t\t\t\t\t\t\t\t\t<h4 style=\"letter-spacing: normal;\">How it works:<\/h4><p style=\"color: #000000;\">3-step processing of enquiries:<\/p><ol style=\"color: #000000;\"><li style=\"list-style-type: none;\"><ol><li>Submit your material (virtually or hard copies)<\/li><li>Swift cost &amp; time assessment<\/li><li>Timely delivery of corrected material<\/li><\/ol><\/li><\/ol><p style=\"color: #000000; text-align: center;\">We handle all your orders with the utmost care and protect your data.<\/p>\t\t\t\t\t\t\t\t<\/div>\n\t\t\t\t<\/div>\n\t\t\t\t\t<\/div>\n\t\t<\/div>\n\t\t\t\t<div class=\"elementor-column elementor-col-50 elementor-top-column elementor-element elementor-element-5e62fc3\" data-id=\"5e62fc3\" data-element_type=\"column\" data-e-type=\"column\">\n\t\t\t<div class=\"elementor-widget-wrap elementor-element-populated\">\n\t\t\t\t\t\t<div class=\"elementor-element elementor-element-4e674a1 elementor-hidden-mobile elementor-widget elementor-widget-image\" data-id=\"4e674a1\" data-element_type=\"widget\" data-e-type=\"widget\" data-widget_type=\"image.default\">\n\t\t\t\t<div class=\"elementor-widget-container\">\n\t\t\t\t\t\t\t\t\t\t\t\t\t\t\t<img decoding=\"async\" width=\"2560\" height=\"1920\" src=\"https:\/\/carbon-copy.de\/wp-content\/uploads\/2022\/06\/Messdings-1-scaled.jpg\" class=\"attachment-full size-full wp-image-1327\" alt=\"\" srcset=\"https:\/\/carbon-copy.de\/wp-content\/uploads\/2022\/06\/Messdings-1-scaled.jpg 2560w, https:\/\/carbon-copy.de\/wp-content\/uploads\/2022\/06\/Messdings-1-300x225.jpg 300w, https:\/\/carbon-copy.de\/wp-content\/uploads\/2022\/06\/Messdings-1-1024x768.jpg 1024w, https:\/\/carbon-copy.de\/wp-content\/uploads\/2022\/06\/Messdings-1-768x576.jpg 768w, https:\/\/carbon-copy.de\/wp-content\/uploads\/2022\/06\/Messdings-1-1536x1152.jpg 1536w, https:\/\/carbon-copy.de\/wp-content\/uploads\/2022\/06\/Messdings-1-2048x1536.jpg 2048w, https:\/\/carbon-copy.de\/wp-content\/uploads\/2022\/06\/Messdings-1-16x12.jpg 16w\" sizes=\"(max-width: 2560px) 100vw, 2560px\" \/>\t\t\t\t\t\t\t\t\t\t\t\t\t\t\t<\/div>\n\t\t\t\t<\/div>\n\t\t\t\t\t<\/div>\n\t\t<\/div>\n\t\t\t\t\t<\/div>\n\t\t<\/section>\n\t\t\t\t<\/div>","protected":false},"excerpt":{"rendered":"<p>DETAILGENAU \u2013 Messerscharfe Korrekturen Was wir abdecken: Dokumente jeglicher Art Gesch\u00e4ftliche Korrespondenz Webseiteninhalte PowerPoint-Pr\u00e4sentationen Hochschulpublikationen (z. B. Bachelor- und Masterarbeiten) Stellenausschreibungen &#8211; mehr auf Nachfrage &#8211; \u00a0 Wie es funktioniert: 3-stufige Bearbeitung der Anfragen: Einsenden Ihres Materials (virtuell\/in Papierform) Schnelle Kosten- und Zeitbewertung Termingerechte Korrekturabwicklung Wir bearbeiten alle Ihre Auftr\u00e4ge mit gr\u00f6\u00dfter Sorgfalt und sch\u00fctzen &hellip;<\/p>","protected":false},"author":1,"featured_media":0,"parent":0,"menu_order":0,"comment_status":"closed","ping_status":"closed","template":"","meta":{"footnotes":""},"class_list":["post-835","page","type-page","status-publish","hentry"],"_links":{"self":[{"href":"https:\/\/carbon-copy.de\/en\/wp-json\/wp\/v2\/pages\/835","targetHints":{"allow":["GET"]}}],"collection":[{"href":"https:\/\/carbon-copy.de\/en\/wp-json\/wp\/v2\/pages"}],"about":[{"href":"https:\/\/carbon-copy.de\/en\/wp-json\/wp\/v2\/types\/page"}],"author":[{"embeddable":true,"href":"https:\/\/carbon-copy.de\/en\/wp-json\/wp\/v2\/users\/1"}],"replies":[{"embeddable":true,"href":"https:\/\/carbon-copy.de\/en\/wp-json\/wp\/v2\/comments?post=835"}],"version-history":[{"count":51,"href":"https:\/\/carbon-copy.de\/en\/wp-json\/wp\/v2\/pages\/835\/revisions"}],"predecessor-version":[{"id":1542,"href":"https:\/\/carbon-copy.de\/en\/wp-json\/wp\/v2\/pages\/835\/revisions\/1542"}],"wp:attachment":[{"href":"https:\/\/carbon-copy.de\/en\/wp-json\/wp\/v2\/media?parent=835"}],"curies":[{"name":"wp","href":"https:\/\/api.w.org\/{rel}","templated":true}]}}